{"id":491,"date":"2026-02-11T14:41:19","date_gmt":"2026-02-11T13:41:19","guid":{"rendered":"https:\/\/kcn-tech.de\/home\/?page_id=491"},"modified":"2026-02-11T14:42:59","modified_gmt":"2026-02-11T13:42:59","slug":"partner","status":"publish","type":"page","link":"https:\/\/kcn-tech.de\/home\/partner\/","title":{"rendered":"Partner"},"content":{"rendered":"\n<div class=\"wp-block-uagb-image uagb-block-95056f48 wp-block-uagb-image--layout-default wp-block-uagb-image--effect-static wp-block-uagb-image--align-none\"><figure class=\"wp-block-uagb-image__figure\"><img decoding=\"async\" srcset=\"https:\/\/kcn-tech.de\/wp-content\/uploads\/2025\/06\/cropped-logodoku-r-1024x285.jpg ,https:\/\/kcn-tech.de\/wp-content\/uploads\/2025\/06\/cropped-logodoku-r.jpg 780w, https:\/\/kcn-tech.de\/wp-content\/uploads\/2025\/06\/cropped-logodoku-r.jpg 360w\" sizes=\"auto, (max-width: 480px) 150px\" src=\"https:\/\/kcn-tech.de\/wp-content\/uploads\/2025\/06\/cropped-logodoku-r-1024x285.jpg\" alt=\"logodoku-r\" class=\"uag-image-360\" width=\"1024\" height=\"285\" title=\"cropped-logodoku-r.jpg\" loading=\"lazy\" role=\"img\"\/><\/figure><\/div>\n\n\n\n<div class=\"wp-block-uagb-advanced-heading uagb-block-372f9590\"><h2 class=\"uagb-heading-text\">Unsere  Partner<\/h2><\/div>\n\n\n\n<div class=\"wp-block-uagb-container uagb-block-461d3557 alignfull uagb-is-root-container\">\n<div class=\"wp-block-uagb-container uagb-block-10544ec7\">\n<div class=\"wp-block-uagb-image uagb-block-96b91804 wp-block-uagb-image--layout-default wp-block-uagb-image--effect-static wp-block-uagb-image--align-none\"><figure class=\"wp-block-uagb-image__figure\"><a class=\"\" href=\"https:\/\/www.novindustra.com\/de\/\" target=\"\" rel=\"noopener\"><img decoding=\"async\" srcset=\"https:\/\/kcn-tech.de\/wp-content\/uploads\/2026\/01\/280_novindustra_logo.png ,https:\/\/kcn-tech.de\/wp-content\/uploads\/2026\/01\/280_novindustra_logo.png 780w, https:\/\/kcn-tech.de\/wp-content\/uploads\/2026\/01\/280_novindustra_logo.png 360w\" sizes=\"auto, (max-width: 480px) 150px\" src=\"https:\/\/kcn-tech.de\/wp-content\/uploads\/2026\/01\/280_novindustra_logo.png\" alt=\"\" class=\"uag-image-492\" width=\"280\" height=\"73\" title=\"280_novindustra_logo\" loading=\"lazy\" role=\"img\"\/><\/a><\/figure><\/div>\n<\/div>\n\n\n\n<div class=\"wp-block-uagb-container uagb-block-c852515d\">\n<h3 class=\"wp-block-heading\">Novindustra Containment AG<\/h3>\n\n\n\n<p>KCN Technologie Partner<br><strong><em>L\u00f6sungen in Powder Handling und Containment Technologie<\/em><\/strong><\/p>\n<\/div>\n\n\n\n<div class=\"wp-block-uagb-container uagb-block-f53d6064\">\n<p><strong>Novindustra Containment AG<\/strong><br>Gewerbestrasse 1<br>CH-4450 Sissach<br>+41 61 976 70 70<br><a href=\"mailto:info@novindustra.com\">info@novindustra.com<\/a>&nbsp;<\/p>\n<\/div>\n<\/div>\n\n\n\n<p>Als erfolgreich t\u00e4tiges Unternehmen entwickelt, produziert und liefert NOVINDUSTRA hochwertige Abf\u00fcll-, Dosier-, Entleer- und Verschliessanlagen sowie Containment-Technologie in die Pharma-, Chemie-, HealthCare und Batterieherstellungs-Industrie. <br>NOVINDUSTRA bietet Containment-L\u00f6sungen von einfachen staubarmen Pulver-Handling-Anlagen (OEB 1 &amp; 2) \u00fcber innovative Endlos-Foliensysteme (OEB 3 &amp; 4) bis hin zu sterilisierbaren Abf\u00fcll- und Dosieranlagen im Isolator f\u00fcr hoch toxische Produkte (OEB 5 &amp; h\u00f6her). <br>Anlagen \u00abMade by Novindustra\u00bb werden in enger Zusammenarbeit mit Kunden und Partnern auf die spezifischen Anforderungen und Bed\u00fcrfnisse sowie die \u00f6rtlichen Gegebenheiten konzipiert. Sie zeichnen sich durch innovative Technologie, Pr\u00e4zision, Zuverl\u00e4ssigkeit und h\u00f6chste Qualit\u00e4t aus. <br>Langj\u00e4hrige Erfahrung in der Entwicklung, Umsetzung und Inbetriebnahme von erstklassigen Maschinen und Anlagen im Feststoffhandling machen Novindustra zum idealen Partner Ihres Unternehmens.<\/p>\n\n\n\n<div class=\"wp-block-uagb-container uagb-block-579c00cd alignwide uagb-is-root-container\">\n<div class=\"wp-block-uagb-container uagb-block-8f124e2f\">\n<div class=\"wp-block-uagb-image uagb-block-3a799372 wp-block-uagb-image--layout-default wp-block-uagb-image--effect-static wp-block-uagb-image--align-none\"><figure class=\"wp-block-uagb-image__figure\"><img decoding=\"async\" srcset=\"https:\/\/kcn-tech.de\/wp-content\/uploads\/2026\/01\/73d89c48-6b42-49cd-bfbb-582663ee55ea-1024x576.webp ,https:\/\/kcn-tech.de\/wp-content\/uploads\/2026\/01\/73d89c48-6b42-49cd-bfbb-582663ee55ea.webp 780w, https:\/\/kcn-tech.de\/wp-content\/uploads\/2026\/01\/73d89c48-6b42-49cd-bfbb-582663ee55ea.webp 360w\" sizes=\"auto, (max-width: 480px) 150px\" src=\"https:\/\/kcn-tech.de\/wp-content\/uploads\/2026\/01\/73d89c48-6b42-49cd-bfbb-582663ee55ea-1024x576.webp\" alt=\"\" class=\"uag-image-520\" width=\"480\" height=\"270\" title=\"73d89c48-6b42-49cd-bfbb-582663ee55ea\" loading=\"lazy\" role=\"img\"\/><\/figure><\/div>\n<\/div>\n\n\n\n<div class=\"wp-block-uagb-container uagb-block-f922ebde\">\n<h3 class=\"wp-block-heading\"><strong>FabKotec GmbH<\/strong><\/h3>\n\n\n\n<p>KCN Technologie Partner<br><strong><em>Innovationsstarkes Unternehmen im Bereich Metallbearbeitung, Baugruppenfertigung und Permanentmagnetismus<\/em><\/strong><\/p>\n<\/div>\n\n\n\n<div class=\"wp-block-uagb-container uagb-block-76e4def6\">\n<p>Heinz-Fangman-Stra\u00dfe 2<br>42287 Wuppertal<br>Deutschland<br>+49 202 97473740<br>info@fabkotec.de<\/p>\n<\/div>\n<\/div>\n\n\n\n<p>In der Baugruppenfertigung verbindet FabKotec Pr\u00e4zision, Effizienz und modernste Technologien, um hochwertige Baugruppen exakt nach Kundenanforderungen zu realisieren. <br>Ob Schwei\u00df- oder Montagebaugruppen \u2013 das erfahrene Team setzt auf innovative Fertigungsprozesse, um auch komplexe mechanische Baugruppen zuverl\u00e4ssig in Serie herzustellen. <br>Ein besonderer Fokus liegt auf der Fertigung permanentmagnetischer Baugruppen und Magnetsystemen f\u00fcr vielf\u00e4ltige Anwendungsbereiche, etwa in der Bauindustrie oder im Maschinenbau. Dabei stehen Qualit\u00e4t und Zuverl\u00e4ssigkeit f\u00fcr FabKotec an erster Stelle \u2013 damit sich die L\u00f6sungen reibungslos in Endprodukte integrieren lassen. Von der Prototypenentwicklung bis zur Serienfertigung ist FabKotec Ihr starker Partner f\u00fcr ma\u00dfgeschneiderte L\u00f6sungen in der Baugruppenfertigung.&nbsp;<\/p>\n\n\n\n<div class=\"wp-block-uagb-container uagb-block-b235f924 alignwide uagb-is-root-container\">\n<div class=\"wp-block-uagb-container uagb-block-82c0ab08\">\n<div class=\"wp-block-uagb-image uagb-block-ad469ae5 wp-block-uagb-image--layout-default wp-block-uagb-image--effect-static wp-block-uagb-image--align-none\"><figure class=\"wp-block-uagb-image__figure\"><img decoding=\"async\" srcset=\"https:\/\/kcn-tech.de\/wp-content\/uploads\/2026\/01\/CB-1.png ,https:\/\/kcn-tech.de\/wp-content\/uploads\/2026\/01\/CB-1.png 780w, https:\/\/kcn-tech.de\/wp-content\/uploads\/2026\/01\/CB-1.png 360w\" sizes=\"auto, (max-width: 480px) 150px\" src=\"https:\/\/kcn-tech.de\/wp-content\/uploads\/2026\/01\/CB-1.png\" alt=\"\" class=\"uag-image-496\" width=\"201\" height=\"129\" title=\"CB\" loading=\"lazy\" role=\"img\"\/><\/figure><\/div>\n<\/div>\n\n\n\n<div class=\"wp-block-uagb-container uagb-block-796bb38f\">\n<h3 class=\"wp-block-heading\">Christian Berner Oy<\/h3>\n\n\n\n<p>exklusiver KCN Vertriebspartner in Finnland<br><strong><em>F\u00fchrender Partner f\u00fcr langfristig nachhaltige technische L\u00f6sungen in Skandinavien<\/em><\/strong><\/p>\n<\/div>\n\n\n\n<div class=\"wp-block-uagb-container uagb-block-139a5d51\">\n<p>Jaakonkatu 2<br>01620 VANTAA<br>+358 9 2766 830<br><a href=\"mailto:infofi@christianberner.com\">infofi@christianberner.com<\/a>&nbsp;<\/p>\n<\/div>\n<\/div>\n\n\n\n<p>Christian Berner hat in Skandinavien \u00fcber 125 Jahre Erfahrung mit technischen L\u00f6sungen und Ausr\u00fcstungen f\u00fcr die Industrie. Als  technischer Vertriebspartner erarbeitet Christian Berner L\u00f6sungen f\u00fcr Kunden in Chemie-\/Pharma- und allgemeiner Sch\u00fcttgutindustrie.<\/p>\n\n\n\n<div class=\"wp-block-uagb-container uagb-block-bcc047e3 alignwide uagb-is-root-container\">\n<div class=\"wp-block-uagb-container uagb-block-ec6740b2\">\n<div class=\"wp-block-uagb-image uagb-block-33e80775 wp-block-uagb-image--layout-default wp-block-uagb-image--effect-static wp-block-uagb-image--align-none\"><figure class=\"wp-block-uagb-image__figure\"><img decoding=\"async\" srcset=\"https:\/\/kcn-tech.de\/wp-content\/uploads\/2026\/01\/1925435-china-flagge-symbol-isolat-druck-illustration-vektor.jpg ,https:\/\/kcn-tech.de\/wp-content\/uploads\/2026\/01\/1925435-china-flagge-symbol-isolat-druck-illustration-vektor.jpg 780w, https:\/\/kcn-tech.de\/wp-content\/uploads\/2026\/01\/1925435-china-flagge-symbol-isolat-druck-illustration-vektor.jpg 360w\" sizes=\"auto, (max-width: 480px) 150px\" src=\"https:\/\/kcn-tech.de\/wp-content\/uploads\/2026\/01\/1925435-china-flagge-symbol-isolat-druck-illustration-vektor.jpg\" alt=\"\" class=\"uag-image-494\" width=\"193\" height=\"193\" title=\"1925435-china-flagge-symbol-isolat-druck-illustration-vektor\" loading=\"lazy\" role=\"img\"\/><\/figure><\/div>\n<\/div>\n\n\n\n<div class=\"wp-block-uagb-container uagb-block-de665bfb\">\n<h3 class=\"wp-block-heading\"><strong>Rodenberg New Materials <\/strong><br><strong>(Shanghai) Co. Ltd.<\/strong><\/h3>\n\n\n\n<p>exklusiver KCN Vertriebspartner in China, Japan, S\u00fcdostasien<br><strong><em>technische L\u00f6sungen im Chemie und Pharmabereich<\/em><\/strong><\/p>\n<\/div>\n\n\n\n<div class=\"wp-block-uagb-container uagb-block-56f68c2b\">\n<p>Shanghai Sales Office: UniAB, 39th Floor,18 Cao-Xi-Bei<br>Road SllB, Shanghai, Volksrepublik China<br>+86 186 218 33008<br>justin@szkolon.com<\/p>\n<\/div>\n<\/div>\n\n\n\n<p>Rodenberg New Materials ist seit vielen Jahren ein gesch\u00e4tzter Partner der Chemie und Pharmaindustrie in der Volksrepublik China. KCN und Rodenberg New Materials bieten Kunden in Asien kompetente und lokale Betreuung als exklusiver Partner.<\/p>\n","protected":false},"excerpt":{"rendered":"<p>Unsere Partner Novindustra Containment AG KCN Technologie PartnerL\u00f6sungen in Powder Handling und Containment Technologie Novindustra Containment AGGewerbestrasse 1CH-4450 Sissach+41 61 [&hellip;]<\/p>\n","protected":false},"author":4,"featured_media":0,"parent":0,"menu_order":0,"comment_status":"closed","ping_status":"closed","template":"","meta":{"_uag_custom_page_level_css":"","site-sidebar-layout":"default","site-content-layout":"","ast-site-content-layout":"narrow-width-container","site-content-style":"default","site-sidebar-style":"default","ast-global-header-display":"","ast-banner-title-visibility":"","ast-main-header-display":"","ast-hfb-above-header-display":"","ast-hfb-below-header-display":"","ast-hfb-mobile-header-display":"","site-post-title":"","ast-breadcrumbs-content":"","ast-featured-img":"","footer-sml-layout":"","ast-disable-related-posts":"","theme-transparent-header-meta":"","adv-header-id-meta":"","stick-header-meta":"","header-above-stick-meta":"","header-main-stick-meta":"","header-below-stick-meta":"","astra-migrate-meta-layouts":"default","ast-page-background-enabled":"default","ast-page-background-meta":{"desktop":{"background-color":"var(--ast-global-color-4)","background-image":"","background-repeat":"repeat","background-position":"center center","background-size":"auto","background-attachment":"scroll","background-type":"","background-media":"","overlay-type":"","overlay-color":"","overlay-opacity":"","overlay-gradient":""},"tablet":{"background-color":"","background-image":"","background-repeat":"repeat","background-position":"center center","background-size":"auto","background-attachment":"scroll","background-type":"","background-media":"","overlay-type":"","overlay-color":"","overlay-opacity":"","overlay-gradient":""},"mobile":{"background-color":"","background-image":"","background-repeat":"repeat","background-position":"center center","background-size":"auto","background-attachment":"scroll","background-type":"","background-media":"","overlay-type":"","overlay-color":"","overlay-opacity":"","overlay-gradient":""}},"ast-content-background-meta":{"desktop":{"background-color":"var(--ast-global-color-5)","background-image":"","background-repeat":"repeat","background-position":"center center","background-size":"auto","background-attachment":"scroll","background-type":"","background-media":"","overlay-type":"","overlay-color":"","overlay-opacity":"","overlay-gradient":""},"tablet":{"background-color":"var(--ast-global-color-5)","background-image":"","background-repeat":"repeat","background-position":"center center","background-size":"auto","background-attachment":"scroll","background-type":"","background-media":"","overlay-type":"","overlay-color":"","overlay-opacity":"","overlay-gradient":""},"mobile":{"background-color":"var(--ast-global-color-5)","background-image":"","background-repeat":"repeat","background-position":"center center","background-size":"auto","background-attachment":"scroll","background-type":"","background-media":"","overlay-type":"","overlay-color":"","overlay-opacity":"","overlay-gradient":""}},"footnotes":""},"class_list":["post-491","page","type-page","status-publish","hentry"],"uagb_featured_image_src":{"full":false,"thumbnail":false,"medium":false,"medium_large":false,"large":false,"1536x1536":false,"2048x2048":false},"uagb_author_info":{"display_name":"wc0utvg2ygpc","author_link":"https:\/\/kcn-tech.de\/home\/author\/wc0utvg2ygpc\/"},"uagb_comment_info":0,"uagb_excerpt":"Unsere Partner Novindustra Containment AG KCN Technologie PartnerL\u00f6sungen in Powder Handling und Containment Technologie Novindustra Containment AGGewerbestrasse 1CH-4450 Sissach+41 61 [&hellip;]","_links":{"self":[{"href":"https:\/\/kcn-tech.de\/home\/wp-json\/wp\/v2\/pages\/491","targetHints":{"allow":["GET"]}}],"collection":[{"href":"https:\/\/kcn-tech.de\/home\/wp-json\/wp\/v2\/pages"}],"about":[{"href":"https:\/\/kcn-tech.de\/home\/wp-json\/wp\/v2\/types\/page"}],"author":[{"embeddable":true,"href":"https:\/\/kcn-tech.de\/home\/wp-json\/wp\/v2\/users\/4"}],"replies":[{"embeddable":true,"href":"https:\/\/kcn-tech.de\/home\/wp-json\/wp\/v2\/comments?post=491"}],"version-history":[{"count":10,"href":"https:\/\/kcn-tech.de\/home\/wp-json\/wp\/v2\/pages\/491\/revisions"}],"predecessor-version":[{"id":542,"href":"https:\/\/kcn-tech.de\/home\/wp-json\/wp\/v2\/pages\/491\/revisions\/542"}],"wp:attachment":[{"href":"https:\/\/kcn-tech.de\/home\/wp-json\/wp\/v2\/media?parent=491"}],"curies":[{"name":"wp","href":"https:\/\/api.w.org\/{rel}","templated":true}]}}