{"id":447,"date":"2026-01-15T14:42:30","date_gmt":"2026-01-15T13:42:30","guid":{"rendered":"https:\/\/kcn-tech.de\/home\/?page_id=447"},"modified":"2026-03-09T14:57:24","modified_gmt":"2026-03-09T13:57:24","slug":"kcn-news-messen","status":"publish","type":"page","link":"https:\/\/kcn-tech.de\/home\/kcn-news-messen\/","title":{"rendered":"KCN News\/Messen"},"content":{"rendered":"\n<figure class=\"wp-block-image\"><img loading=\"lazy\" decoding=\"async\" width=\"1679\" height=\"467\" src=\"https:\/\/kcn-tech.de\/wp-content\/uploads\/2025\/06\/cropped-logodoku-r.jpg\" alt=\"logodoku-r\" class=\"wp-image-360\" srcset=\"https:\/\/kcn-tech.de\/wp-content\/uploads\/2025\/06\/cropped-logodoku-r.jpg 1679w, https:\/\/kcn-tech.de\/wp-content\/uploads\/2025\/06\/cropped-logodoku-r-300x83.jpg 300w, https:\/\/kcn-tech.de\/wp-content\/uploads\/2025\/06\/cropped-logodoku-r-1024x285.jpg 1024w, https:\/\/kcn-tech.de\/wp-content\/uploads\/2025\/06\/cropped-logodoku-r-768x214.jpg 768w, https:\/\/kcn-tech.de\/wp-content\/uploads\/2025\/06\/cropped-logodoku-r-1536x427.jpg 1536w, https:\/\/kcn-tech.de\/wp-content\/uploads\/2025\/06\/cropped-logodoku-r-348x97.jpg 348w\" sizes=\"auto, (max-width: 1679px) 100vw, 1679px\" \/><\/figure>\n\n\n\n<figure class=\"wp-block-image size-large is-resized\"><img loading=\"lazy\" decoding=\"async\" width=\"1024\" height=\"1024\" src=\"https:\/\/kcn-tech.de\/wp-content\/uploads\/2026\/03\/Linkedin-Solids26_technologie-2-1024x1024.png\" alt=\"\" class=\"wp-image-547\" style=\"width:651px;height:auto\" srcset=\"https:\/\/kcn-tech.de\/wp-content\/uploads\/2026\/03\/Linkedin-Solids26_technologie-2-1024x1024.png 1024w, https:\/\/kcn-tech.de\/wp-content\/uploads\/2026\/03\/Linkedin-Solids26_technologie-2-300x300.png 300w, https:\/\/kcn-tech.de\/wp-content\/uploads\/2026\/03\/Linkedin-Solids26_technologie-2-150x150.png 150w, https:\/\/kcn-tech.de\/wp-content\/uploads\/2026\/03\/Linkedin-Solids26_technologie-2-768x768.png 768w, https:\/\/kcn-tech.de\/wp-content\/uploads\/2026\/03\/Linkedin-Solids26_technologie-2.png 1447w\" sizes=\"auto, (max-width: 1024px) 100vw, 1024px\" \/><\/figure>\n\n\n\n<p>09.03.2026<\/p>\n\n\n\n<div class=\"wp-block-uagb-advanced-heading uagb-block-7a2b833e\"><h2 class=\"uagb-heading-text\">Technologiepartnerschaft auf der SOLIDS 2026<\/h2><\/div>\n\n\n\n<p>Erleben und testen sie vom 18.\u201319. M\u00e4rz 2026 auf der <a href=\"https:\/\/www.linkedin.com\/company\/solidsundrecyclingtechnikdortmund\/\"><strong>SOLIDS &amp; RECYCLING-TECHNIK Dortmund<\/strong><\/a> unsere einzigartigen Technologien.<\/p>\n\n\n\n<p>+ <a href=\"https:\/\/www.linkedin.com\/company\/novindustra\/\"><strong>Novindustra Containment AG<\/strong><\/a><br>Big-Bag Bef\u00fcllung mit Peel-Folien-Containment-System<\/p>\n\n\n\n<p>+ <a href=\"https:\/\/www.linkedin.com\/company\/kcn-service-technology-gmbh\/\"><strong>KCN Service &amp; Technology GmbH<\/strong><\/a><br>Ultraschall-Austragssystem NIGOSONIC\u00ae<\/p>\n\n\n\n<p>\u00dcberzeugen sie sich selbst an unseren LIVE-Vorf\u00fchrungen<br>Besuchen Sie uns am Stand L16 in Halle 5<\/p>\n\n\n\n<p>Jetzt kostenfreies <a href=\"https:\/\/www.linkedin.com\/search\/results\/all\/?keywords=%23ticket&amp;origin=HASH_TAG_FROM_FEED\"><strong>#Ticket<\/strong><\/a> sichern: <a href=\"https:\/\/www.linkedin.com\/redir\/redirect\/?url=https%3A%2F%2Fbit%2Ely%2F4bRkMh4&amp;urlhash=-RN3&amp;mt=ni4KhTrL8rwAF1no1mj-rv3Aqoql9SOtF7bui3D8zhPSp20qp52Y1Dxuapn0He-1ETXFaEmhteOhQ936OpDYLvY9AGTnFlKKpabEKkcTnBCigm0WtzWZR9wXdA&amp;isSdui=true\" target=\"_blank\" rel=\"noreferrer noopener\"><strong>https:\/\/bit.ly\/4bRkMh4<\/strong><\/a><\/p>\n\n\n\n<figure class=\"wp-block-image size-full is-resized\"><img loading=\"lazy\" decoding=\"async\" width=\"740\" height=\"231\" src=\"https:\/\/kcn-tech.de\/wp-content\/uploads\/2026\/02\/SOLIDS.png\" alt=\"\" class=\"wp-image-539\" style=\"width:1164px;height:auto\" srcset=\"https:\/\/kcn-tech.de\/wp-content\/uploads\/2026\/02\/SOLIDS.png 740w, https:\/\/kcn-tech.de\/wp-content\/uploads\/2026\/02\/SOLIDS-300x94.png 300w\" sizes=\"auto, (max-width: 740px) 100vw, 740px\" \/><\/figure>\n\n\n\n<p>09.02.2026<\/p>\n\n\n\n<div class=\"wp-block-uagb-container uagb-block-4fb12abb alignfull uagb-is-root-container\"><div class=\"uagb-container-inner-blocks-wrap\">\n<div class=\"wp-block-uagb-advanced-heading uagb-block-501de076\"><h2 class=\"uagb-heading-text\">SOLIDS Dortmund  18-19.M\u00e4rz 2026<\/h2><\/div>\n\n\n\n<p>Besuchen Sie uns auf der Fachmesse f\u00fcr Pulver -, Granulat und Sch\u00fcttguttechnoligien in Dortmund vom 18-19.03.2026.<br>Wir stellen zusammen in Halle 5, Stand L16 mit unserem Partner der NOVINDUSTRA Containment AG aus.<br>Wir freuen uns auf Ihren Besuch<br><br><strong>Sichern Sie sich hier ihr <a href=\"https:\/\/register.visitcloud.com\/survey\/3na6snhmgz9pd?actioncode=NTWO000169BZK&amp;partner-contact=236t9lwwubu0r&amp;verifier=POGM3btADLHPW4Z7YTuAk0UIWSs\">Gratis-Eintritts-Ticket<\/a><\/strong><\/p>\n\n\n\n<p><\/p>\n<\/div><\/div>\n\n\n\n<div class=\"wp-block-columns is-layout-flex wp-container-core-columns-is-layout-28f84493 wp-block-columns-is-layout-flex\">\n<div class=\"wp-block-column is-layout-flow wp-block-column-is-layout-flow\" style=\"flex-basis:100%\">\n<div class=\"wp-block-uagb-image alignleft uagb-block-0de07675 wp-block-uagb-image--layout-default wp-block-uagb-image--effect-static wp-block-uagb-image--align-left\"><figure class=\"wp-block-uagb-image__figure\"><img decoding=\"async\" srcset=\"https:\/\/kcn-tech.de\/wp-content\/uploads\/2026\/01\/NIGOSONIC-Remote-Error-Box-1024x931.png ,https:\/\/kcn-tech.de\/wp-content\/uploads\/2026\/01\/NIGOSONIC-Remote-Error-Box.png 780w, https:\/\/kcn-tech.de\/wp-content\/uploads\/2026\/01\/NIGOSONIC-Remote-Error-Box.png 360w\" sizes=\"auto, (max-width: 480px) 150px\" src=\"https:\/\/kcn-tech.de\/wp-content\/uploads\/2026\/01\/NIGOSONIC-Remote-Error-Box-1024x931.png\" alt=\"\" class=\"uag-image-483\" width=\"418\" height=\"314\" title=\"NIGOSONIC Remote Error Box\" loading=\"lazy\" role=\"img\"\/><\/figure><\/div>\n<\/div>\n<\/div>\n\n\n\n<div class=\"wp-block-uagb-advanced-heading uagb-block-7f3e8a09\"><h2 class=\"uagb-heading-text\">   <\/h2><\/div>\n\n\n\n<p>12.01.2026<\/p>\n\n\n\n<div class=\"wp-block-uagb-container uagb-block-ab8bd073 alignfull uagb-is-root-container\"><div class=\"uagb-container-inner-blocks-wrap\">\n<div class=\"wp-block-uagb-advanced-heading uagb-block-7db184ae\"><h2 class=\"uagb-heading-text\">NEU!! Remote Error Box &#8211;  Signalverarbeitung<\/h2><\/div>\n\n\n\n<p>Fehlermeldungen in den Leitstand? Ab sofort m\u00f6glich mit der Retrofitl\u00f6sung Remote Error Box von KCN. Ex-konforme Ausf\u00fchrung. F\u00fcr Bestandssysteme einfacher Retrofit und Signalausgabe \u00fcber 24V\/230V Signal.<br><br>&#8211; EX II 2G<br>&#8211; Signalausgang 24V\/230V<br>&#8211; Retrofitl\u00f6sung<\/p>\n\n\n\n<div class=\"wp-block-uagb-image alignleft uagb-block-83c884ec wp-block-uagb-image--layout-default wp-block-uagb-image--effect-static wp-block-uagb-image--align-left\"><figure class=\"wp-block-uagb-image__figure\"><img decoding=\"async\" srcset=\"https:\/\/kcn-tech.de\/wp-content\/uploads\/2025\/06\/atex-1-1024x896.png ,https:\/\/kcn-tech.de\/wp-content\/uploads\/2025\/06\/atex-1.png 780w, https:\/\/kcn-tech.de\/wp-content\/uploads\/2025\/06\/atex-1.png 360w\" sizes=\"auto, (max-width: 480px) 150px\" src=\"https:\/\/kcn-tech.de\/wp-content\/uploads\/2025\/06\/atex-1-1024x896.png\" alt=\"\" class=\"uag-image-368\" width=\"159\" height=\"139\" title=\"atex\" loading=\"lazy\" role=\"img\"\/><\/figure><\/div>\n\n\n\n<div class=\"wp-block-uagb-image alignleft uagb-block-7f370df5 wp-block-uagb-image--layout-default wp-block-uagb-image--effect-static wp-block-uagb-image--align-left\"><figure class=\"wp-block-uagb-image__figure\"><img decoding=\"async\" srcset=\"https:\/\/kcn-tech.de\/wp-content\/uploads\/2025\/06\/Conformite_Europeenne_logo.svg_.png ,https:\/\/kcn-tech.de\/wp-content\/uploads\/2025\/06\/Conformite_Europeenne_logo.svg_.png 780w, https:\/\/kcn-tech.de\/wp-content\/uploads\/2025\/06\/Conformite_Europeenne_logo.svg_.png 360w\" sizes=\"auto, (max-width: 480px) 150px\" src=\"https:\/\/kcn-tech.de\/wp-content\/uploads\/2025\/06\/Conformite_Europeenne_logo.svg_.png\" alt=\"\" class=\"uag-image-369\" width=\"162\" height=\"116\" title=\"Conformit\u00e9_Europ\u00e9enne_(logo).svg\" loading=\"lazy\" role=\"img\"\/><\/figure><\/div>\n<\/div><\/div>\n\n\n\n<div class=\"wp-block-uagb-advanced-heading uagb-block-22be5fa1\"><h2 class=\"uagb-heading-text\">  <\/h2><\/div>\n\n\n\n<p><\/p>\n\n\n\n<p>15.12.2025  <\/p>\n\n\n\n<figure class=\"wp-block-image size-large is-resized\"><img loading=\"lazy\" decoding=\"async\" width=\"1024\" height=\"320\" src=\"https:\/\/kcn-tech.de\/wp-content\/uploads\/2025\/09\/IMG_7204-1024x320.jpg\" alt=\"\" class=\"wp-image-452\" style=\"width:1200px;height:auto\" srcset=\"https:\/\/kcn-tech.de\/wp-content\/uploads\/2025\/09\/IMG_7204-1024x320.jpg 1024w, https:\/\/kcn-tech.de\/wp-content\/uploads\/2025\/09\/IMG_7204-300x94.jpg 300w, https:\/\/kcn-tech.de\/wp-content\/uploads\/2025\/09\/IMG_7204-768x240.jpg 768w, https:\/\/kcn-tech.de\/wp-content\/uploads\/2025\/09\/IMG_7204-1536x480.jpg 1536w, https:\/\/kcn-tech.de\/wp-content\/uploads\/2025\/09\/IMG_7204-2048x639.jpg 2048w\" sizes=\"auto, (max-width: 1024px) 100vw, 1024px\" \/><\/figure>\n\n\n\n<div class=\"wp-block-uagb-advanced-heading uagb-block-926d1e7d\"><h2 class=\"uagb-heading-text\">Willkommen WP-1 &amp; WP-8 &#8211; die Wasserdichte L\u00f6sung!<\/h2><\/div>\n\n\n\n<p>Konverter WP-8 und WP-1:  Die erste komplett Wasserdichte Konverterl\u00f6sung f\u00fcr den Chemie, Lebensmittel und Pharmabereich aus dem Hause KCN f\u00fcr den EInsatz in Anlagenteilen, die h\u00e4ufiger Reinigung ausgesetzt sind.  <br><br>Jetzt Verf\u00fcgbar auch als Retrofitl\u00f6sung f\u00fcr Bestandskonverter, auch inkl. FDA-Konformen Bauteilen und Hygiene-Design f\u00fcr die Serienkonverter!<br><br>&#8211; Riboflavintesttauglich<br>&#8211; FDA- Konform<br>&#8211; IP68 <br><\/p>\n\n\n\n<figure class=\"wp-block-image size-full is-resized\"><img loading=\"lazy\" decoding=\"async\" width=\"220\" height=\"157\" src=\"https:\/\/kcn-tech.de\/wp-content\/uploads\/2025\/06\/Conformite_Europeenne_logo.svg_.png\" alt=\"\" class=\"wp-image-369\" style=\"width:163px;height:auto\"\/><\/figure>\n\n\n\n<figure class=\"wp-block-image is-resized\"><img loading=\"lazy\" decoding=\"async\" width=\"349\" height=\"144\" src=\"https:\/\/kcn-tech.de\/wp-content\/uploads\/2025\/06\/images.png\" alt=\"\" class=\"wp-image-371\" style=\"width:167px;height:auto\" srcset=\"https:\/\/kcn-tech.de\/wp-content\/uploads\/2025\/06\/images.png 349w, https:\/\/kcn-tech.de\/wp-content\/uploads\/2025\/06\/images-300x124.png 300w\" sizes=\"auto, (max-width: 349px) 100vw, 349px\" \/><\/figure>\n\n\n\n<p><br><\/p>\n\n\n\n<p><\/p>\n\n\n\n<p><\/p>\n\n\n\n<p><\/p>\n\n\n\n<p><\/p>\n\n\n\n<p><\/p>\n\n\n\n<p><\/p>\n\n\n\n<p><\/p>\n\n\n\n<p><\/p>\n\n\n\n<p><\/p>\n\n\n\n<div class=\"wp-block-uagb-container uagb-block-353480fd alignfull uagb-is-root-container\"><div class=\"uagb-container-inner-blocks-wrap\">\n<div class=\"wp-block-uagb-info-box uagb-block-289af9f9 uagb-infobox__content-wrap  uagb-infobox-icon-above-title uagb-infobox-image-valign-top\"><div class=\"uagb-ifb-content\"><div class=\"uagb-ifb-title-wrap\"><h2 class=\"uagb-ifb-title\">Kontaktieren Sie uns noch heute!<\/h2><\/div><p class=\"uagb-ifb-desc\">Wir beraten Sie gerne und finden die optimale L\u00f6sung f\u00fcr Ihre individuellen Anforderungen.  Vereinbaren Sie jetzt ein unverbindliches Beratungsgespr\u00e4ch!<\/p><div class=\"uagb-ifb-button-wrapper wp-block-button\"><a href=\"\/contact\/\" class=\"uagb-infobox-cta-link wp-block-button__link\" target=\"_self\" rel=\"noopener noreferrer\" onclick=\"return true;\"><span class=\"uagb-inline-editing\">Mehr erfahren<\/span><\/a><\/div><\/div><\/div>\n<\/div><\/div>\n","protected":false},"excerpt":{"rendered":"<p>09.03.2026 Technologiepartnerschaft auf der SOLIDS 2026 Erleben und testen sie vom 18.\u201319. M\u00e4rz 2026 auf der SOLIDS &amp; RECYCLING-TECHNIK Dortmund [&hellip;]<\/p>\n","protected":false},"author":4,"featured_media":0,"parent":0,"menu_order":0,"comment_status":"closed","ping_status":"closed","template":"","meta":{"_uag_custom_page_level_css":"","site-sidebar-layout":"default","site-content-layout":"","ast-site-content-layout":"default","site-content-style":"default","site-sidebar-style":"default","ast-global-header-display":"","ast-banner-title-visibility":"","ast-main-header-display":"","ast-hfb-above-header-display":"","ast-hfb-below-header-display":"","ast-hfb-mobile-header-display":"","site-post-title":"","ast-breadcrumbs-content":"","ast-featured-img":"","footer-sml-layout":"","ast-disable-related-posts":"","theme-transparent-header-meta":"","adv-header-id-meta":"","stick-header-meta":"","header-above-stick-meta":"","header-main-stick-meta":"","header-below-stick-meta":"","astra-migrate-meta-layouts":"default","ast-page-background-enabled":"default","ast-page-background-meta":{"desktop":{"background-color":"var(--ast-global-color-4)","background-image":"","background-repeat":"repeat","background-position":"center center","background-size":"auto","background-attachment":"scroll","background-type":"","background-media":"","overlay-type":"","overlay-color":"","overlay-opacity":"","overlay-gradient":""},"tablet":{"background-color":"","background-image":"","background-repeat":"repeat","background-position":"center center","background-size":"auto","background-attachment":"scroll","background-type":"","background-media":"","overlay-type":"","overlay-color":"","overlay-opacity":"","overlay-gradient":""},"mobile":{"background-color":"","background-image":"","background-repeat":"repeat","background-position":"center center","background-size":"auto","background-attachment":"scroll","background-type":"","background-media":"","overlay-type":"","overlay-color":"","overlay-opacity":"","overlay-gradient":""}},"ast-content-background-meta":{"desktop":{"background-color":"var(--ast-global-color-5)","background-image":"","background-repeat":"repeat","background-position":"center center","background-size":"auto","background-attachment":"scroll","background-type":"","background-media":"","overlay-type":"","overlay-color":"","overlay-opacity":"","overlay-gradient":""},"tablet":{"background-color":"var(--ast-global-color-5)","background-image":"","background-repeat":"repeat","background-position":"center center","background-size":"auto","background-attachment":"scroll","background-type":"","background-media":"","overlay-type":"","overlay-color":"","overlay-opacity":"","overlay-gradient":""},"mobile":{"background-color":"var(--ast-global-color-5)","background-image":"","background-repeat":"repeat","background-position":"center center","background-size":"auto","background-attachment":"scroll","background-type":"","background-media":"","overlay-type":"","overlay-color":"","overlay-opacity":"","overlay-gradient":""}},"footnotes":""},"class_list":["post-447","page","type-page","status-publish","hentry"],"uagb_featured_image_src":{"full":false,"thumbnail":false,"medium":false,"medium_large":false,"large":false,"1536x1536":false,"2048x2048":false},"uagb_author_info":{"display_name":"wc0utvg2ygpc","author_link":"https:\/\/kcn-tech.de\/home\/author\/wc0utvg2ygpc\/"},"uagb_comment_info":0,"uagb_excerpt":"09.03.2026 Technologiepartnerschaft auf der SOLIDS 2026 Erleben und testen sie vom 18.\u201319. M\u00e4rz 2026 auf der SOLIDS &amp; RECYCLING-TECHNIK Dortmund [&hellip;]","_links":{"self":[{"href":"https:\/\/kcn-tech.de\/home\/wp-json\/wp\/v2\/pages\/447","targetHints":{"allow":["GET"]}}],"collection":[{"href":"https:\/\/kcn-tech.de\/home\/wp-json\/wp\/v2\/pages"}],"about":[{"href":"https:\/\/kcn-tech.de\/home\/wp-json\/wp\/v2\/types\/page"}],"author":[{"embeddable":true,"href":"https:\/\/kcn-tech.de\/home\/wp-json\/wp\/v2\/users\/4"}],"replies":[{"embeddable":true,"href":"https:\/\/kcn-tech.de\/home\/wp-json\/wp\/v2\/comments?post=447"}],"version-history":[{"count":13,"href":"https:\/\/kcn-tech.de\/home\/wp-json\/wp\/v2\/pages\/447\/revisions"}],"predecessor-version":[{"id":549,"href":"https:\/\/kcn-tech.de\/home\/wp-json\/wp\/v2\/pages\/447\/revisions\/549"}],"wp:attachment":[{"href":"https:\/\/kcn-tech.de\/home\/wp-json\/wp\/v2\/media?parent=447"}],"curies":[{"name":"wp","href":"https:\/\/api.w.org\/{rel}","templated":true}]}}