{"id":15,"date":"2025-06-12T07:59:35","date_gmt":"2025-06-12T07:59:35","guid":{"rendered":"https:\/\/winddancer-wind-58uz.zipwp.site\/?page_id=15"},"modified":"2026-02-09T10:51:18","modified_gmt":"2026-02-09T09:51:18","slug":"about","status":"publish","type":"page","link":"https:\/\/kcn-tech.de\/home\/about\/","title":{"rendered":"\u00dcber KCN"},"content":{"rendered":"\n<div class=\"wp-block-uagb-container uagb-block-28fa86dc alignfull uagb-is-root-container\"><div class=\"uagb-container-inner-blocks-wrap\">\n<div class=\"wp-block-uagb-container uagb-block-18062607\">\n<div class=\"wp-block-uagb-container uagb-block-2f72fe13\">\n<figure class=\"wp-block-image size-full\"><img loading=\"lazy\" decoding=\"async\" width=\"612\" height=\"235\" src=\"https:\/\/kcn-tech.de\/wp-content\/uploads\/2025\/06\/istockphoto-842883090-612x612-1.jpg\" alt=\"\" class=\"wp-image-364\" srcset=\"https:\/\/kcn-tech.de\/wp-content\/uploads\/2025\/06\/istockphoto-842883090-612x612-1.jpg 612w, https:\/\/kcn-tech.de\/wp-content\/uploads\/2025\/06\/istockphoto-842883090-612x612-1-300x115.jpg 300w\" sizes=\"auto, (max-width: 612px) 100vw, 612px\" \/><figcaption class=\"wp-element-caption\">Produktionsanlagen der Chemieindustrie und Pharmaindustrie<\/figcaption><\/figure>\n<\/div>\n\n\n\n<div class=\"wp-block-uagb-container uagb-block-ea15cb0a\">\n<div class=\"wp-block-uagb-container uagb-block-bc8fb7c9\">\n<div class=\"wp-block-uagb-counter uagb-block-d1f2f60b wp-block-uagb-counter--number\"><div class=\"wp-block-uagb-counter__number\"><span class=\"uagb-counter-block-number\" data-duration=\"1.5\" data-to-value=\"200\" data-from-value=\"0\" data-delimiter=\",\"><\/span><span class=\"uagb-counter-block-suffix\">+<\/span><\/div><div class=\"wp-block-uagb-counter__title\">Installationen<\/div><\/div>\n<\/div>\n\n\n\n<div class=\"wp-block-uagb-container uagb-block-733a60e1\">\n<div class=\"wp-block-uagb-counter uagb-block-6c75e0ad wp-block-uagb-counter--number\"><div class=\"wp-block-uagb-counter__number\"><span class=\"uagb-counter-block-number\" data-duration=\"1.5\" data-to-value=\"10\" data-from-value=\"0\" data-delimiter=\",\"><\/span><span class=\"uagb-counter-block-suffix\">+<\/span><\/div><div class=\"wp-block-uagb-counter__title\">L\u00e4nder Weltweit<\/div><\/div>\n<\/div>\n\n\n\n<div class=\"wp-block-uagb-container uagb-block-9b243be6\">\n<div class=\"wp-block-uagb-counter uagb-block-dd716b88 wp-block-uagb-counter--number\"><div class=\"wp-block-uagb-counter__number\"><span class=\"uagb-counter-block-number\" data-duration=\"1.5\" data-to-value=\"99\" data-from-value=\"0\" data-delimiter=\",\"><\/span><span class=\"uagb-counter-block-suffix\">%<\/span><\/div><div class=\"wp-block-uagb-counter__title\">Erfolgsquote<\/div><\/div>\n<\/div>\n\n\n\n<div class=\"wp-block-uagb-container uagb-block-92d8df2f\">\n<div class=\"wp-block-columns is-layout-flex wp-container-core-columns-is-layout-28f84493 wp-block-columns-is-layout-flex\">\n<div class=\"wp-block-column is-layout-flow wp-block-column-is-layout-flow\" style=\"flex-basis:100%\">\n<div class=\"wp-block-uagb-counter uagb-block-d9cb5f03 wp-block-uagb-counter--number\"><div class=\"wp-block-uagb-counter__number\"><span class=\"uagb-counter-block-number\" data-duration=\"1.5\" data-to-value=\"20\" data-from-value=\"0\" data-delimiter=\",\"><\/span><span class=\"uagb-counter-block-suffix\">+<\/span><\/div><div class=\"wp-block-uagb-counter__title\">Jahre Erfahrung<\/div><\/div>\n<\/div>\n<\/div>\n<\/div>\n<\/div>\n<\/div>\n\n\n\n<div class=\"wp-block-uagb-container uagb-block-7f0c016a\">\n<div class=\"wp-block-uagb-advanced-heading uagb-block-8a54fc41\"><p class=\"uagb-desc-text\">Unsere Expertise<\/p><h2 class=\"uagb-heading-text\">KCN Service &amp; Technology GmbH: Ihr Partner f\u00fcr effiziente Prozesse<\/h2><\/div>\n\n\n\n<div class=\"wp-block-uagb-advanced-heading uagb-block-a33c8efa\"><p class=\"uagb-heading-text\">Wir optimieren Ihre Produktionsprozesse mit massgeschneiderten Ultraschallaustragshilfen und verfahrenstechnischer Beratung.  Profitieren Sie von erh\u00f6hter Effizienz und reduzierten Kosten.<\/p><p class=\"uagb-desc-text\">KCN Service &amp; Technology GmbH bietet umfassende L\u00f6sungen f\u00fcr die chemische, pharmazeutische und Lebensmittelindustrie.  Unsere Kunden profitieren von unserer langj\u00e4hrigen Erfahrung in der Entwicklung und Herstellung von Ultraschallaustragshilfen, sowie unserer Expertise in der Verfahrenstechnik.  Wir unterst\u00fctzen Sie bei der Optimierung Ihrer Anlagen und Prozesse, von der Beratung bis zur Ersatzteilversorgung.<\/p><\/div>\n\n\n\n<div class=\"wp-block-uagb-image uagb-block-2cef716a wp-block-uagb-image--layout-default wp-block-uagb-image--effect-static wp-block-uagb-image--align-none\"><figure class=\"wp-block-uagb-image__figure\"><img decoding=\"async\" srcset=\"https:\/\/kcn-tech.de\/wp-content\/uploads\/2025\/06\/screenshot-2024-03-15-125041.jpg ,https:\/\/kcn-tech.de\/wp-content\/uploads\/2025\/06\/screenshot-2024-03-15-125041.jpg 780w, https:\/\/kcn-tech.de\/wp-content\/uploads\/2025\/06\/screenshot-2024-03-15-125041.jpg 360w\" sizes=\"auto, (max-width: 480px) 150px\" src=\"https:\/\/kcn-tech.de\/wp-content\/uploads\/2025\/06\/screenshot-2024-03-15-125041.jpg\" alt=\"\" class=\"uag-image-289\" width=\"560\" height=\"300\" title=\"who-we-are\" loading=\"lazy\" role=\"img\"\/><\/figure><\/div>\n<\/div>\n<\/div><\/div>\n\n\n\n<figure class=\"wp-block-image aligncenter size-full is-resized\"><img loading=\"lazy\" decoding=\"async\" width=\"400\" height=\"226\" src=\"https:\/\/kcn-tech.de\/wp-content\/uploads\/2025\/06\/Nigosonic-Blechversuch-1-Pharma.gif\" alt=\"\" class=\"wp-image-347\" style=\"width:859px;height:auto\"\/><figcaption class=\"wp-element-caption\">Ultraschallanregbarkeitstest im Reinraum eines Pharmakunden<\/figcaption><\/figure>\n\n\n\n<figure class=\"wp-block-image aligncenter size-full is-resized\"><img loading=\"lazy\" decoding=\"async\" width=\"400\" height=\"226\" src=\"https:\/\/kcn-tech.de\/wp-content\/uploads\/2025\/06\/Nigosonic-Kolbenversuch-1-Pharma.gif\" alt=\"\" class=\"wp-image-341\" style=\"width:844px;height:auto\"\/><figcaption class=\"wp-element-caption\">Ultraschallaustragsversuch im Reinraum eines Pharmakunden<\/figcaption><\/figure>\n\n\n\n<div class=\"wp-block-uagb-container uagb-block-032e11f1 alignfull uagb-is-root-container\"><div class=\"uagb-container-inner-blocks-wrap\">\n<div class=\"wp-block-uagb-container uagb-block-4a46af60\">\n<div class=\"wp-block-media-text is-stacked-on-mobile\"><figure class=\"wp-block-media-text__media\"><video controls src=\"https:\/\/kcn-tech.de\/wp-content\/uploads\/2026\/01\/video-hanfprotein_9SJPjeOQ.mp4\"><\/video><\/figure><div class=\"wp-block-media-text__content\">\n<p>Hanfproteinverarbeitung: Bildung von &#8222;Ratholes&#8220; w\u00e4hrend des Abf\u00fcllprozesses. Vergleich Ultraschal an (Massenfluss ohne Rathole) vs kein Ultraschall (Kernfluss, Ratholes)<\/p>\n<\/div><\/div>\n<\/div>\n<\/div><\/div>\n\n\n\n<div class=\"wp-block-uagb-container uagb-layout-grid uagb-block-b73b02d3 alignfull uagb-is-root-container\"><div class=\"uagb-container-inner-blocks-wrap\">\n<div class=\"wp-block-uagb-container uagb-block-68004fa2\">\n<div class=\"wp-block-uagb-info-box uagb-block-777883ce uagb-infobox__content-wrap  uagb-infobox-icon-above-title uagb-infobox-image-valign-top\"><div class=\"uagb-ifb-content\"><div class=\"uagb-ifb-title-wrap\"><p class=\"uagb-ifb-title-prefix\">Unsere Geschichte<\/p><h2 class=\"uagb-ifb-title\">Jahrelange Erfahrung und Innovation<\/h2><\/div><p class=\"uagb-ifb-desc\">KCN Service &amp; Technology GmbH blickt auf eine lange Tradition in der Entwicklung und Produktion von hochwertigen L\u00f6sungen f\u00fcr die Verfahrenstechnik zur\u00fcck.  Seit Jahren setzen wir Ma\u00dfst\u00e4be in Innovation und Qualit\u00e4t.  Unsere Kunden profitieren von unserer umfassenden Expertise und unserem Engagement f\u00fcr nachhaltige L\u00f6sungen.<\/p><\/div><\/div>\n<\/div>\n\n\n\n<figure class=\"wp-block-image size-custom is-resized\"><img decoding=\"async\" src=\"https:\/\/kcn-tech.de\/wp-content\/uploads\/2025\/06\/teams-hintergrund.jpg\" alt=\"\" style=\"width:846px;height:auto\"\/><\/figure>\n<\/div><\/div>\n\n\n\n<div class=\"wp-block-uagb-container uagb-block-353480fd alignfull uagb-is-root-container\"><div class=\"uagb-container-inner-blocks-wrap\">\n<div class=\"wp-block-uagb-info-box uagb-block-289af9f9 uagb-infobox__content-wrap  uagb-infobox-icon-above-title uagb-infobox-image-valign-top\"><div class=\"uagb-ifb-content\"><div class=\"uagb-ifb-title-wrap\"><h2 class=\"uagb-ifb-title\">Kontaktieren Sie uns noch heute!<\/h2><\/div><p class=\"uagb-ifb-desc\">Wir beraten Sie gerne und finden die optimale L\u00f6sung f\u00fcr Ihre individuellen Anforderungen.  Vereinbaren Sie jetzt ein unverbindliches Beratungsgespr\u00e4ch!<\/p><div class=\"uagb-ifb-button-wrapper wp-block-button\"><a href=\"\/contact\/\" class=\"uagb-infobox-cta-link wp-block-button__link\" target=\"_self\" rel=\"noopener noreferrer\" onclick=\"return true;\"><span class=\"uagb-inline-editing\">Mehr erfahren<\/span><\/a><\/div><\/div><\/div>\n<\/div><\/div>\n\n\n\n<p><\/p>\n\n\n\n<p><\/p>\n","protected":false},"excerpt":{"rendered":"<p>Unsere Expertise KCN Service &amp; Technology GmbH: Ihr Partner f\u00fcr effiziente Prozesse Wir optimieren Ihre Produktionsprozesse mit massgeschneiderten Ultraschallaustragshilfen und [&hellip;]<\/p>\n","protected":false},"author":4,"featured_media":0,"parent":0,"menu_order":0,"comment_status":"closed","ping_status":"closed","template":"","meta":{"_uag_custom_page_level_css":"","site-sidebar-layout":"default","site-content-layout":"","ast-site-content-layout":"default","site-content-style":"default","site-sidebar-style":"default","ast-global-header-display":"","ast-banner-title-visibility":"","ast-main-header-display":"","ast-hfb-above-header-display":"","ast-hfb-below-header-display":"","ast-hfb-mobile-header-display":"","site-post-title":"disabled","ast-breadcrumbs-content":"","ast-featured-img":"","footer-sml-layout":"","ast-disable-related-posts":"","theme-transparent-header-meta":"","adv-header-id-meta":"","stick-header-meta":"","header-above-stick-meta":"","header-main-stick-meta":"","header-below-stick-meta":"","astra-migrate-meta-layouts":"default","ast-page-background-enabled":"default","ast-page-background-meta":{"desktop":{"background-color":"var(--ast-global-color-4)","background-image":"","background-repeat":"repeat","background-position":"center center","background-size":"auto","background-attachment":"scroll","background-type":"","background-media":"","overlay-type":"","overlay-color":"","overlay-opacity":"","overlay-gradient":""},"tablet":{"background-color":"","background-image":"","background-repeat":"repeat","background-position":"center center","background-size":"auto","background-attachment":"scroll","background-type":"","background-media":"","overlay-type":"","overlay-color":"","overlay-opacity":"","overlay-gradient":""},"mobile":{"background-color":"","background-image":"","background-repeat":"repeat","background-position":"center center","background-size":"auto","background-attachment":"scroll","background-type":"","background-media":"","overlay-type":"","overlay-color":"","overlay-opacity":"","overlay-gradient":""}},"ast-content-background-meta":{"desktop":{"background-color":"var(--ast-global-color-5)","background-image":"","background-repeat":"repeat","background-position":"center center","background-size":"auto","background-attachment":"scroll","background-type":"","background-media":"","overlay-type":"","overlay-color":"","overlay-opacity":"","overlay-gradient":""},"tablet":{"background-color":"var(--ast-global-color-5)","background-image":"","background-repeat":"repeat","background-position":"center center","background-size":"auto","background-attachment":"scroll","background-type":"","background-media":"","overlay-type":"","overlay-color":"","overlay-opacity":"","overlay-gradient":""},"mobile":{"background-color":"var(--ast-global-color-5)","background-image":"","background-repeat":"repeat","background-position":"center center","background-size":"auto","background-attachment":"scroll","background-type":"","background-media":"","overlay-type":"","overlay-color":"","overlay-opacity":"","overlay-gradient":""}},"footnotes":""},"class_list":["post-15","page","type-page","status-publish","hentry"],"uagb_featured_image_src":{"full":false,"thumbnail":false,"medium":false,"medium_large":false,"large":false,"1536x1536":false,"2048x2048":false},"uagb_author_info":{"display_name":"wc0utvg2ygpc","author_link":"https:\/\/kcn-tech.de\/home\/author\/wc0utvg2ygpc\/"},"uagb_comment_info":0,"uagb_excerpt":"Unsere Expertise KCN Service &amp; Technology GmbH: Ihr Partner f\u00fcr effiziente Prozesse Wir optimieren Ihre Produktionsprozesse mit massgeschneiderten Ultraschallaustragshilfen und [&hellip;]","_links":{"self":[{"href":"https:\/\/kcn-tech.de\/home\/wp-json\/wp\/v2\/pages\/15","targetHints":{"allow":["GET"]}}],"collection":[{"href":"https:\/\/kcn-tech.de\/home\/wp-json\/wp\/v2\/pages"}],"about":[{"href":"https:\/\/kcn-tech.de\/home\/wp-json\/wp\/v2\/types\/page"}],"author":[{"embeddable":true,"href":"https:\/\/kcn-tech.de\/home\/wp-json\/wp\/v2\/users\/4"}],"replies":[{"embeddable":true,"href":"https:\/\/kcn-tech.de\/home\/wp-json\/wp\/v2\/comments?post=15"}],"version-history":[{"count":35,"href":"https:\/\/kcn-tech.de\/home\/wp-json\/wp\/v2\/pages\/15\/revisions"}],"predecessor-version":[{"id":541,"href":"https:\/\/kcn-tech.de\/home\/wp-json\/wp\/v2\/pages\/15\/revisions\/541"}],"wp:attachment":[{"href":"https:\/\/kcn-tech.de\/home\/wp-json\/wp\/v2\/media?parent=15"}],"curies":[{"name":"wp","href":"https:\/\/api.w.org\/{rel}","templated":true}]}}