{"id":14,"date":"2025-06-12T07:59:33","date_gmt":"2025-06-12T07:59:33","guid":{"rendered":"https:\/\/winddancer-wind-58uz.zipwp.site\/?page_id=14"},"modified":"2026-01-21T13:45:08","modified_gmt":"2026-01-21T12:45:08","slug":"home","status":"publish","type":"page","link":"https:\/\/kcn-tech.de\/home\/","title":{"rendered":"Home"},"content":{"rendered":"\n<div class=\"wp-block-uagb-image uagb-block-b7e67049 wp-block-uagb-image--layout-default wp-block-uagb-image--effect-static wp-block-uagb-image--align-none\"><figure class=\"wp-block-uagb-image__figure\"><img decoding=\"async\" srcset=\"https:\/\/kcn-tech.de\/wp-content\/uploads\/2025\/06\/logodoku-r-1024x285.jpg ,https:\/\/kcn-tech.de\/wp-content\/uploads\/2025\/06\/logodoku-r.jpg 780w, https:\/\/kcn-tech.de\/wp-content\/uploads\/2025\/06\/logodoku-r.jpg 360w\" sizes=\"auto, (max-width: 480px) 150px\" src=\"https:\/\/kcn-tech.de\/wp-content\/uploads\/2025\/06\/logodoku-r-1024x285.jpg\" alt=\"logodoku-r\" class=\"uag-image-279\" width=\"1024\" height=\"285\" title=\"logodoku-r\" loading=\"lazy\" role=\"img\"\/><\/figure><\/div>\n\n\n\n<div class=\"wp-block-uagb-container uagb-block-eb0aa213 alignfull uagb-is-root-container\"><div class=\"uagb-container-inner-blocks-wrap\">\n<div class=\"wp-block-uagb-container uagb-layout-grid uagb-block-77137965\">\n<div class=\"wp-block-uagb-advanced-heading uagb-block-b371cc12\"><p class=\"uagb-desc-text\">Effiziente L\u00f6sungen<\/p><h1 class=\"uagb-heading-text\">Ultraschall-Austrag f\u00fcr Pulver &amp; Sch\u00fcttguter im Ex-Bereich<\/h1><\/div>\n\n\n\n<div class=\"wp-block-uagb-info-box uagb-block-aeecc106 uagb-infobox__content-wrap  uagb-infobox-icon-above-title uagb-infobox-image-valign-top wp-block-uagb-info-box--has-margin\"><div class=\"uagb-infobox-margin-wrapper\"><div class=\"uagb-ifb-content\"><div class=\"uagb-ifb-title-wrap\"><\/div><p class=\"uagb-ifb-desc\">Massgeschneiderte L\u00f6sungen f\u00fcr Chemie, Pharma und Lebensmittelindustrie.  Innovative Technologie f\u00fcr optimale Prozesse.<\/p><div class=\"uagb-ifb-button-wrapper wp-block-button\"><a href=\"contact\/\" class=\"uagb-infobox-cta-link wp-block-button__link\" target=\"_self\" rel=\"noopener noreferrer\" onclick=\"return true;\"><span class=\"uagb-inline-editing\">Mehr erfahren<\/span><\/a><\/div><\/div><\/div><\/div>\n<\/div>\n<\/div><\/div>\n\n\n\n<div class=\"wp-block-uagb-container uagb-layout-grid uagb-block-28fa86dc alignfull uagb-is-root-container\"><div class=\"uagb-container-inner-blocks-wrap\">\n<div class=\"wp-block-uagb-image uagb-block-0be442bf wp-block-uagb-image--layout-default wp-block-uagb-image--effect-static wp-block-uagb-image--align-none\"><figure class=\"wp-block-uagb-image__figure\"><img decoding=\"async\" srcset=\"https:\/\/kcn-tech.de\/wp-content\/uploads\/2025\/06\/3d-coronavirus-vaccine-scaled.jpg ,https:\/\/kcn-tech.de\/wp-content\/uploads\/2025\/06\/3d-coronavirus-vaccine-scaled.jpg 780w, https:\/\/kcn-tech.de\/wp-content\/uploads\/2025\/06\/3d-coronavirus-vaccine-scaled.jpg 360w\" sizes=\"auto, (max-width: 480px) 150px\" src=\"https:\/\/kcn-tech.de\/wp-content\/uploads\/2025\/06\/3d-coronavirus-vaccine-scaled.jpg\" alt=\"\" class=\"uag-image-280\" width=\"560\" height=\"500\" title=\"about-us\" loading=\"lazy\" role=\"img\"\/><\/figure><\/div>\n\n\n\n<div class=\"wp-block-uagb-info-box uagb-block-f3852b2e uagb-infobox__content-wrap  uagb-infobox-icon-above-title uagb-infobox-image-valign-top wp-block-uagb-info-box--has-margin\"><div class=\"uagb-infobox-margin-wrapper\"><div class=\"uagb-ifb-content\"><div class=\"uagb-ifb-title-wrap\"><span class=\"uagb-ifb-title-prefix\">\u00dcber uns<\/span><h2 class=\"uagb-ifb-title\">KCN Service &amp; Technology GmbH:  Innovation in der Verfahrenstechnik<\/h2><\/div><p class=\"uagb-ifb-desc\">KCN Service &amp; Technology GmbH ist  Hersteller von NIGOSONIC\u00ae Ultraschallaustragshilfen und bietet weiterhin ein breites Spektrum an Ingenieurdienstleistungen f\u00fcr verfahrenstechnische Apparate in der Fest\/Fl\u00fcssig Trennung und Trocknung an. Wir unterst\u00fctzen Kunden in der Chemie-, Pharma- und Lebensmittelindustrie mit ma\u00dfgeschneiderten L\u00f6sungen und umfassender technischer Beratung.<\/p><div class=\"uagb-ifb-button-wrapper wp-block-button\"><a href=\"about\/\" class=\"uagb-infobox-cta-link wp-block-button__link\" target=\"_self\" rel=\"noopener noreferrer\" onclick=\"return true;\"><span class=\"uagb-inline-editing\">Read More<\/span><\/a><\/div><\/div><\/div><\/div>\n<\/div><\/div>\n\n\n\n<div class=\"wp-block-uagb-container uagb-block-2bbc57c7 alignfull uagb-is-root-container\"><div class=\"uagb-container-inner-blocks-wrap\">\n<div class=\"wp-block-uagb-advanced-heading uagb-block-7b6eba87\"><p class=\"uagb-desc-text\">Leistungen<\/p><h2 class=\"uagb-heading-text\">Ultraschall-Austrag, Anlagenbau &amp; Technische Beratung<\/h2><\/div>\n\n\n\n<div class=\"wp-block-uagb-container uagb-block-0fdda6ff\">\n<div class=\"wp-block-uagb-container uagb-block-04cba7a5\">\n<div class=\"wp-block-uagb-info-box uagb-block-e4c7a34e uagb-infobox__content-wrap  uagb-infobox-icon-above-title uagb-infobox-image-valign-top wp-block-uagb-info-box--has-margin\"><div class=\"uagb-infobox-margin-wrapper\"><div class=\"uagb-ifb-content\"><div class=\"uagb-ifb-title-wrap\"><h2 class=\"uagb-ifb-title-prefix\">01.<\/h2><h3 class=\"uagb-ifb-title\">Ultraschall-mobilisierung NIGOSONIC\u00ae<\/h3><\/div><p class=\"uagb-ifb-desc\">Effizientes Entleeren von Silos und Beh\u00e4ltern sowie Vermeidung von Anbackungen und Anhaftungen bei Pulvern, Sch\u00fcttg\u00fctern und Past\u00f6sen Stoffen<\/p><\/div><\/div><\/div>\n<\/div>\n\n\n\n<div class=\"wp-block-uagb-container uagb-block-b80cdc99\">\n<div class=\"wp-block-uagb-info-box uagb-block-281474da uagb-infobox__content-wrap  uagb-infobox-icon-above-title uagb-infobox-image-valign-top wp-block-uagb-info-box--has-margin\"><div class=\"uagb-infobox-margin-wrapper\"><div class=\"uagb-ifb-content\"><div class=\"uagb-ifb-title-wrap\"><h2 class=\"uagb-ifb-title-prefix\">02.<\/h2><h3 class=\"uagb-ifb-title\">Verfahrenstechnik<\/h3><\/div><p class=\"uagb-ifb-desc\">Versuchsdurchf\u00fchrung in eigenem Technikum oder beim Kunden vor Ort.<br>Apparatebau und Prozessoptimierung.<\/p><\/div><\/div><\/div>\n<\/div>\n\n\n\n<div class=\"wp-block-uagb-container uagb-block-8a1354b6\">\n<div class=\"wp-block-uagb-info-box uagb-block-c9efee38 uagb-infobox__content-wrap  uagb-infobox-icon-above-title uagb-infobox-image-valign-top wp-block-uagb-info-box--has-margin\"><div class=\"uagb-infobox-margin-wrapper\"><div class=\"uagb-ifb-content\"><div class=\"uagb-ifb-title-wrap\"><h2 class=\"uagb-ifb-title-prefix\">03.<\/h2><h3 class=\"uagb-ifb-title\">Ersatzteile &amp; Service<\/h3><\/div><p class=\"uagb-ifb-desc\">Originalteile f\u00fcr Ihre Systeme und Apparate.<\/p><\/div><\/div><\/div>\n<\/div>\n<\/div>\n<\/div><\/div>\n\n\n\n<div class=\"wp-block-uagb-container uagb-block-43900d48 alignfull uagb-is-root-container\"><div class=\"uagb-container-inner-blocks-wrap\">\n<div class=\"wp-block-uagb-container uag-blocks-common-selector uagb-layout-grid uagb-block-3dc33a14 default uagb-is-root-container\">\n<div class=\"wp-block-uagb-advanced-heading uagb-block-0e7c4e68\"><h2 class=\"uagb-heading-text\">Profitieren Sie von unserer Expertise!<\/h2><\/div>\n\n\n\n<div class=\"wp-block-uagb-buttons uagb-buttons__outer-wrap uagb-btn__default-btn uagb-btn-tablet__default-btn uagb-btn-mobile__default-btn uagb-block-70776913\"><div class=\"uagb-buttons__wrap uagb-buttons-layout-wrap \">\n<div class=\"wp-block-uagb-buttons-child uagb-buttons__outer-wrap uagb-block-839f0188 wp-block-button\"><div class=\"uagb-button__wrapper\"><a class=\"uagb-buttons-repeater wp-block-button__link\" aria-label=\"\" href=\"contact\/\" rel=\"follow noopener\" target=\"_self\" role=\"button\"><div class=\"uagb-button__link\">Mehr erfahren<\/div><\/a><\/div><\/div>\n<\/div><\/div>\n<\/div>\n\n\n\n<div class=\"wp-block-uagb-advanced-heading uagb-block-2d8b3864\"><p class=\"uagb-desc-text\">Unsere St\u00e4rken<\/p><h2 class=\"uagb-heading-text\">Massgeschneiderte L\u00f6sungen f\u00fcr Ihre Herausforderungen<\/h2><\/div>\n\n\n\n<div class=\"wp-block-uagb-container uagb-block-6724c035\">\n<div class=\"wp-block-uagb-info-box uagb-block-de372885 uagb-infobox__content-wrap  uagb-infobox-icon-above-title uagb-infobox-image-valign-top\"><div class=\"uagb-ifb-content\"><div class=\"uagb-ifb-icon-wrap\"><div class=\"uagb-iconbox-icon-wrap uagb-infobox-shape-circle\"><svg xmlns=\"https:\/\/www.w3.org\/2000\/svg\" viewBox=\"0 0 448 512\"><path d=\"M438.6 105.4C451.1 117.9 451.1 138.1 438.6 150.6L182.6 406.6C170.1 419.1 149.9 419.1 137.4 406.6L9.372 278.6C-3.124 266.1-3.124 245.9 9.372 233.4C21.87 220.9 42.13 220.9 54.63 233.4L159.1 338.7L393.4 105.4C405.9 92.88 426.1 92.88 438.6 105.4H438.6z\"><\/path><\/svg><\/div><\/div><div class=\"uagb-ifb-title-wrap\"><h3 class=\"uagb-ifb-title\">Innovation<\/h3><\/div><p class=\"uagb-ifb-desc\">Wir entwickeln und produzieren innovative, massgeschneiderte Ultraschallaustragshilfen f\u00fcr Ihre spezifischen Bed\u00fcrfnisse.<\/p><\/div><\/div>\n\n\n\n<div class=\"wp-block-uagb-info-box uagb-block-6ccedceb uagb-infobox__content-wrap  uagb-infobox-icon-above-title uagb-infobox-image-valign-top\"><div class=\"uagb-ifb-content\"><div class=\"uagb-ifb-icon-wrap\"><div class=\"uagb-iconbox-icon-wrap uagb-infobox-shape-circle\"><svg xmlns=\"https:\/\/www.w3.org\/2000\/svg\" viewBox=\"0 0 448 512\"><path d=\"M438.6 105.4C451.1 117.9 451.1 138.1 438.6 150.6L182.6 406.6C170.1 419.1 149.9 419.1 137.4 406.6L9.372 278.6C-3.124 266.1-3.124 245.9 9.372 233.4C21.87 220.9 42.13 220.9 54.63 233.4L159.1 338.7L393.4 105.4C405.9 92.88 426.1 92.88 438.6 105.4H438.6z\"><\/path><\/svg><\/div><\/div><div class=\"uagb-ifb-title-wrap\"><h3 class=\"uagb-ifb-title\">Qualit\u00e4t<\/h3><\/div><p class=\"uagb-ifb-desc\">Hochwertige Materialien und pr\u00e4zise Verarbeitung garantieren h\u00f6chste Qualit\u00e4t und Langlebigkeit unserer Produkte.<\/p><\/div><\/div>\n\n\n\n<div class=\"wp-block-uagb-info-box uagb-block-633f3615 uagb-infobox__content-wrap  uagb-infobox-icon-above-title uagb-infobox-image-valign-top\"><div class=\"uagb-ifb-content\"><div class=\"uagb-ifb-icon-wrap\"><div class=\"uagb-iconbox-icon-wrap uagb-infobox-shape-circle\"><svg xmlns=\"https:\/\/www.w3.org\/2000\/svg\" viewBox=\"0 0 448 512\"><path d=\"M438.6 105.4C451.1 117.9 451.1 138.1 438.6 150.6L182.6 406.6C170.1 419.1 149.9 419.1 137.4 406.6L9.372 278.6C-3.124 266.1-3.124 245.9 9.372 233.4C21.87 220.9 42.13 220.9 54.63 233.4L159.1 338.7L393.4 105.4C405.9 92.88 426.1 92.88 438.6 105.4H438.6z\"><\/path><\/svg><\/div><\/div><div class=\"uagb-ifb-title-wrap\"><h3 class=\"uagb-ifb-title\">Beratung<\/h3><\/div><p class=\"uagb-ifb-desc\">Unsere erfahrenen Ingenieure beraten Sie umfassend und unterst\u00fctzen Sie bei der Auswahl der optimalen L\u00f6sung.<\/p><\/div><\/div>\n<\/div>\n<\/div><\/div>\n\n\n\n<div class=\"wp-block-uagb-container uagb-block-25bbc344 alignfull uagb-is-root-container\"><div class=\"uagb-container-inner-blocks-wrap\">\n<div class=\"wp-block-uagb-advanced-heading uagb-block-04a82708\"><p class=\"uagb-desc-text\">Unser Ansatz<\/p><h2 class=\"uagb-heading-text\">Von der Beratung bis zur Inbetriebnahme<\/h2><\/div>\n\n\n\n<div class=\"wp-block-uagb-container uagb-block-80f61d17\">\n<div class=\"wp-block-uagb-info-box uagb-block-db6bb407 uagb-infobox__content-wrap  uagb-infobox-icon-above-title uagb-infobox-image-valign-top wp-block-uagb-info-box--has-margin\"><div class=\"uagb-infobox-margin-wrapper\"><div class=\"uagb-ifb-content\"><div class=\"uagb-ifb-title-wrap\"><p class=\"uagb-ifb-title-prefix\">Step-01<\/p><h3 class=\"uagb-ifb-title\">Anforderungsanalyse<\/h3><\/div><p class=\"uagb-ifb-desc\">Wir analysieren Ihre Bed\u00fcrfnisse und Herausforderungen.<\/p><\/div><\/div><\/div>\n\n\n\n<div class=\"wp-block-uagb-info-box uagb-block-b239141f uagb-infobox__content-wrap  uagb-infobox-icon-above-title uagb-infobox-image-valign-top wp-block-uagb-info-box--has-margin\"><div class=\"uagb-infobox-margin-wrapper\"><div class=\"uagb-ifb-content\"><div class=\"uagb-ifb-title-wrap\"><p class=\"uagb-ifb-title-prefix\">Step-02<\/p><h3 class=\"uagb-ifb-title\">L\u00f6sungskonzept<\/h3><\/div><p class=\"uagb-ifb-desc\">Wir entwickeln massgeschneiderte L\u00f6sungen.<\/p><\/div><\/div><\/div>\n\n\n\n<div class=\"wp-block-uagb-info-box uagb-block-69a69e5d uagb-infobox__content-wrap  uagb-infobox-icon-above-title uagb-infobox-image-valign-top wp-block-uagb-info-box--has-margin\"><div class=\"uagb-infobox-margin-wrapper\"><div class=\"uagb-ifb-content\"><div class=\"uagb-ifb-title-wrap\"><p class=\"uagb-ifb-title-prefix\">Step-03<\/p><h3 class=\"uagb-ifb-title\">Implementierung<\/h3><\/div><p class=\"uagb-ifb-desc\">Wir realisieren und optimieren Ihren Prozess.<\/p><\/div><\/div><\/div>\n<\/div>\n<\/div><\/div>\n\n\n\t\t\t\t\t<div\n\t\t\t\t\t\tclass=\"wp-block-uagb-image-gallery uagb-block-0069be6f     \"\n\t\t\t\t\t\tstyle=\"\"\n\t\t\t\t\t>\n\t\t\t\t\t\t\t\t\t\t\t<div class=\"spectra-image-gallery spectra-image-gallery__layout--carousel\">\n\t\t\t\t\t\t\t\t<div class=\"uagb-slick-carousel uagb-block-0069be6f\">\n\t\t\t\t\t\t\t\t\t\t\t\t<div class='spectra-image-gallery__media-wrapper' data-spectra-gallery-image-id='368'>\n\t\t\t\t\t\t\t<div class=\"spectra-image-gallery__media spectra-image-gallery__media--carousel\">\n\t\t\t\t<picture>\n\t\t\t\t\t<source media=\"(min-width: 1024px)\" srcset=\"https:\/\/kcn-tech.de\/wp-content\/uploads\/2025\/06\/atex-1-300x263.png\">\n\t\t\t\t\t<source media=\"(min-width: 768px)\" srcset=\"https:\/\/kcn-tech.de\/wp-content\/uploads\/2025\/06\/atex-1-1024x896.png\">\n\t\t\t\t\t<img decoding=\"async\" class=\"spectra-image-gallery__media-thumbnail spectra-image-gallery__media-thumbnail--carousel\" src=\"https:\/\/kcn-tech.de\/wp-content\/uploads\/2025\/06\/atex-1-300x263.png\" alt=\"\" loading=\"lazy\" \/>\n\t\t\t\t<\/picture>\n\t\t\t\t<div class=\"spectra-image-gallery__media-thumbnail-blurrer\"><\/div>\n\t\t\t\t\t\t\t\t\t\t\t<div class=\"spectra-image-gallery__media-thumbnail-caption-wrapper spectra-image-gallery__media-thumbnail-caption-wrapper--overlay\"><\/div>\n\t\t\t\t\t\t\t\t<\/div>\n\t\t\t\t\t\t<\/div>\n\t\t\t\t\t\t<div class='spectra-image-gallery__media-wrapper' data-spectra-gallery-image-id='366'>\n\t\t\t\t\t\t\t<div class=\"spectra-image-gallery__media spectra-image-gallery__media--carousel\">\n\t\t\t\t<picture>\n\t\t\t\t\t<source media=\"(min-width: 1024px)\" srcset=\"https:\/\/kcn-tech.de\/wp-content\/uploads\/2025\/06\/gmp-seal-gb-300x300.webp\">\n\t\t\t\t\t<source media=\"(min-width: 768px)\" srcset=\"https:\/\/kcn-tech.de\/wp-content\/uploads\/2025\/06\/gmp-seal-gb.webp\">\n\t\t\t\t\t<img decoding=\"async\" class=\"spectra-image-gallery__media-thumbnail spectra-image-gallery__media-thumbnail--carousel\" src=\"https:\/\/kcn-tech.de\/wp-content\/uploads\/2025\/06\/gmp-seal-gb-300x300.webp\" alt=\"\" loading=\"lazy\" \/>\n\t\t\t\t<\/picture>\n\t\t\t\t<div class=\"spectra-image-gallery__media-thumbnail-blurrer\"><\/div>\n\t\t\t\t\t\t\t\t\t\t\t<div class=\"spectra-image-gallery__media-thumbnail-caption-wrapper spectra-image-gallery__media-thumbnail-caption-wrapper--overlay\"><\/div>\n\t\t\t\t\t\t\t\t<\/div>\n\t\t\t\t\t\t<\/div>\n\t\t\t\t\t\t<div class='spectra-image-gallery__media-wrapper' data-spectra-gallery-image-id='369'>\n\t\t\t\t\t\t\t<div class=\"spectra-image-gallery__media spectra-image-gallery__media--carousel\">\n\t\t\t\t<picture>\n\t\t\t\t\t<source media=\"(min-width: 1024px)\" srcset=\"https:\/\/kcn-tech.de\/wp-content\/uploads\/2025\/06\/Conformite_Europeenne_logo.svg_.png\">\n\t\t\t\t\t<source media=\"(min-width: 768px)\" srcset=\"https:\/\/kcn-tech.de\/wp-content\/uploads\/2025\/06\/Conformite_Europeenne_logo.svg_.png\">\n\t\t\t\t\t<img decoding=\"async\" class=\"spectra-image-gallery__media-thumbnail spectra-image-gallery__media-thumbnail--carousel\" src=\"https:\/\/kcn-tech.de\/wp-content\/uploads\/2025\/06\/Conformite_Europeenne_logo.svg_.png\" alt=\"\" loading=\"lazy\" \/>\n\t\t\t\t<\/picture>\n\t\t\t\t<div class=\"spectra-image-gallery__media-thumbnail-blurrer\"><\/div>\n\t\t\t\t\t\t\t\t\t\t\t<div class=\"spectra-image-gallery__media-thumbnail-caption-wrapper spectra-image-gallery__media-thumbnail-caption-wrapper--overlay\"><\/div>\n\t\t\t\t\t\t\t\t<\/div>\n\t\t\t\t\t\t<\/div>\n\t\t\t\t\t\t<div class='spectra-image-gallery__media-wrapper' data-spectra-gallery-image-id='371'>\n\t\t\t\t\t\t\t<div class=\"spectra-image-gallery__media spectra-image-gallery__media--carousel\">\n\t\t\t\t<picture>\n\t\t\t\t\t<source media=\"(min-width: 1024px)\" srcset=\"https:\/\/kcn-tech.de\/wp-content\/uploads\/2025\/06\/images-300x124.png\">\n\t\t\t\t\t<source media=\"(min-width: 768px)\" srcset=\"https:\/\/kcn-tech.de\/wp-content\/uploads\/2025\/06\/images.png\">\n\t\t\t\t\t<img decoding=\"async\" class=\"spectra-image-gallery__media-thumbnail spectra-image-gallery__media-thumbnail--carousel\" src=\"https:\/\/kcn-tech.de\/wp-content\/uploads\/2025\/06\/images-300x124.png\" alt=\"\" loading=\"lazy\" \/>\n\t\t\t\t<\/picture>\n\t\t\t\t<div class=\"spectra-image-gallery__media-thumbnail-blurrer\"><\/div>\n\t\t\t\t\t\t\t\t\t\t\t<div class=\"spectra-image-gallery__media-thumbnail-caption-wrapper spectra-image-gallery__media-thumbnail-caption-wrapper--overlay\"><\/div>\n\t\t\t\t\t\t\t\t<\/div>\n\t\t\t\t\t\t<\/div>\n\t\t\t\t\t\t\t\t\t\t\t<\/div>\n\t\t\t\t\t\t\t<\/div>\n\t\t\t\t\t\t\t\t\t\t\t<\/div>\n\t\t\t\t\t\t\t\t\t","protected":false},"excerpt":{"rendered":"<p>Effiziente L\u00f6sungen Ultraschall-Austrag f\u00fcr Pulver &amp; Sch\u00fcttguter im Ex-Bereich Leistungen Ultraschall-Austrag, Anlagenbau &amp; Technische Beratung Profitieren Sie von unserer Expertise! [&hellip;]<\/p>\n","protected":false},"author":4,"featured_media":0,"parent":0,"menu_order":0,"comment_status":"closed","ping_status":"closed","template":"","meta":{"_uag_custom_page_level_css":"","site-sidebar-layout":"default","site-content-layout":"","ast-site-content-layout":"normal-width-container","site-content-style":"default","site-sidebar-style":"default","ast-global-header-display":"","ast-banner-title-visibility":"","ast-main-header-display":"","ast-hfb-above-header-display":"","ast-hfb-below-header-display":"","ast-hfb-mobile-header-display":"","site-post-title":"disabled","ast-breadcrumbs-content":"","ast-featured-img":"","footer-sml-layout":"","ast-disable-related-posts":"","theme-transparent-header-meta":"default","adv-header-id-meta":"","stick-header-meta":"","header-above-stick-meta":"","header-main-stick-meta":"","header-below-stick-meta":"","astra-migrate-meta-layouts":"default","ast-page-background-enabled":"default","ast-page-background-meta":{"desktop":{"background-color":"var(--ast-global-color-4)","background-image":"","background-repeat":"repeat","background-position":"center center","background-size":"auto","background-attachment":"scroll","background-type":"","background-media":"","overlay-type":"","overlay-color":"","overlay-opacity":"","overlay-gradient":""},"tablet":{"background-color":"","background-image":"","background-repeat":"repeat","background-position":"center center","background-size":"auto","background-attachment":"scroll","background-type":"","background-media":"","overlay-type":"","overlay-color":"","overlay-opacity":"","overlay-gradient":""},"mobile":{"background-color":"","background-image":"","background-repeat":"repeat","background-position":"center center","background-size":"auto","background-attachment":"scroll","background-type":"","background-media":"","overlay-type":"","overlay-color":"","overlay-opacity":"","overlay-gradient":""}},"ast-content-background-meta":{"desktop":{"background-color":"var(--ast-global-color-5)","background-image":"","background-repeat":"repeat","background-position":"center center","background-size":"auto","background-attachment":"scroll","background-type":"","background-media":"","overlay-type":"","overlay-color":"","overlay-opacity":"","overlay-gradient":""},"tablet":{"background-color":"var(--ast-global-color-5)","background-image":"","background-repeat":"repeat","background-position":"center center","background-size":"auto","background-attachment":"scroll","background-type":"","background-media":"","overlay-type":"","overlay-color":"","overlay-opacity":"","overlay-gradient":""},"mobile":{"background-color":"var(--ast-global-color-5)","background-image":"","background-repeat":"repeat","background-position":"center center","background-size":"auto","background-attachment":"scroll","background-type":"","background-media":"","overlay-type":"","overlay-color":"","overlay-opacity":"","overlay-gradient":""}},"footnotes":""},"class_list":["post-14","page","type-page","status-publish","hentry"],"uagb_featured_image_src":{"full":false,"thumbnail":false,"medium":false,"medium_large":false,"large":false,"1536x1536":false,"2048x2048":false},"uagb_author_info":{"display_name":"wc0utvg2ygpc","author_link":"https:\/\/kcn-tech.de\/home\/author\/wc0utvg2ygpc\/"},"uagb_comment_info":0,"uagb_excerpt":"Effiziente L\u00f6sungen Ultraschall-Austrag f\u00fcr Pulver &amp; Sch\u00fcttguter im Ex-Bereich Leistungen Ultraschall-Austrag, Anlagenbau &amp; Technische Beratung Profitieren Sie von unserer Expertise! [&hellip;]","_links":{"self":[{"href":"https:\/\/kcn-tech.de\/home\/wp-json\/wp\/v2\/pages\/14","targetHints":{"allow":["GET"]}}],"collection":[{"href":"https:\/\/kcn-tech.de\/home\/wp-json\/wp\/v2\/pages"}],"about":[{"href":"https:\/\/kcn-tech.de\/home\/wp-json\/wp\/v2\/types\/page"}],"author":[{"embeddable":true,"href":"https:\/\/kcn-tech.de\/home\/wp-json\/wp\/v2\/users\/4"}],"replies":[{"embeddable":true,"href":"https:\/\/kcn-tech.de\/home\/wp-json\/wp\/v2\/comments?post=14"}],"version-history":[{"count":12,"href":"https:\/\/kcn-tech.de\/home\/wp-json\/wp\/v2\/pages\/14\/revisions"}],"predecessor-version":[{"id":519,"href":"https:\/\/kcn-tech.de\/home\/wp-json\/wp\/v2\/pages\/14\/revisions\/519"}],"wp:attachment":[{"href":"https:\/\/kcn-tech.de\/home\/wp-json\/wp\/v2\/media?parent=14"}],"curies":[{"name":"wp","href":"https:\/\/api.w.org\/{rel}","templated":true}]}}